{"id":108,"date":"2015-06-02T15:23:51","date_gmt":"2015-06-02T15:23:51","guid":{"rendered":"http:\/\/arcofluid.fr\/?page_id=108"},"modified":"2015-08-22T16:20:32","modified_gmt":"2015-08-22T16:20:32","slug":"customization","status":"publish","type":"page","link":"https:\/\/arcofluid.fr\/index.php\/customization\/","title":{"rendered":"Acad\u00e9mique, Enseignement et Personnalisation"},"content":{"rendered":"<div id=\"pl-108\"  class=\"panel-layout\" ><div id=\"pg-108-0\"  class=\"panel-grid panel-no-style\" ><div id=\"pgc-108-0-0\"  class=\"panel-grid-cell\" ><div id=\"panel-108-0-0-0\" class=\"so-panel widget widget_black-studio-tinymce widget_black_studio_tinymce panel-first-child panel-last-child\" data-index=\"0\" ><h3 class=\"widget-title\">Academic Use<\/h3><div class=\"textwidget\"><p style=\"text-align: justify;\"><strong>Students, University Lecturers and Researchers<\/strong><br \/> University Students use PHOENICS as part of under- or post-graduate courses to perform calculations to validate their experimental data.<\/p>\n<p style=\"text-align: justify;\">PHOENICS can help researchers as it allows user defined parameters and formula to be easily entered, allowing new concepts to be evaluated.<\/p>\n<\/div><\/div><\/div><div id=\"pgc-108-0-1\"  class=\"panel-grid-cell\" ><div id=\"panel-108-0-1-0\" class=\"so-panel widget widget_black-studio-tinymce widget_black_studio_tinymce panel-first-child panel-last-child\" data-index=\"1\" ><h3 class=\"widget-title\">Teaching<\/h3><div class=\"textwidget\"><p style=\"text-align: justify;\"><span style=\"font-family: Arial; font-size: small;\">In addition to the many advanced mesh generation and physical modeling capabilities, PHOENICS\/FLAIR offers unique features that make teaching and learning fast and easy through its Virtual Reality Environment.<\/span><\/p>\n<p style=\"text-align: justify;\">Students will setup easily problems with complex geometrical characteristics through objects from library or imported from CAD files.<\/p>\n<\/div><\/div><\/div><\/div><div id=\"pg-108-1\"  class=\"panel-grid panel-no-style\" ><div id=\"pgc-108-1-0\"  class=\"panel-grid-cell\" ><div id=\"panel-108-1-0-0\" class=\"so-panel widget widget_black-studio-tinymce widget_black_studio_tinymce panel-first-child panel-last-child\" data-index=\"2\" ><h3 class=\"widget-title\">Verification&#038; Validation services<\/h3><div class=\"textwidget\"><p>We provide validation services for comparison with experimental results or, in some cases, reliable theoretical analyses and\/or CFD software validated in published benchmark.<\/p>\n<p>The PHOENICS has been validated thoroughly: <a class=\"fasc-button fasc-size-medium fasc-type-flat fasc-rounded-medium\" style=\"background-color: #33809e; color: #ffffff;\" href=\"http:\/\/www.cham.co.uk\/phoenics\/d_polis\/d_applic\/appval.htm\" target=\"_blank\" data-fasc-style=\"background-color:#33809e;color:#ffffff;\">Phoenics Validation Examples<\/a><\/p>\n<p><div id=\"attachment_514\" style=\"width: 490px\" class=\"wp-caption aligncenter\"><a href=\"http:\/\/arcofluid.fr\/wp-content\/uploads\/2015\/05\/phoenicsplusjo.png\"><img loading=\"lazy\" decoding=\"async\" aria-describedby=\"caption-attachment-514\" class=\"wp-image-514 size-full\" src=\"http:\/\/arcofluid.fr\/wp-content\/uploads\/2015\/05\/phoenicsplusjo.png\" alt=\"Fortran coding\" width=\"480\" height=\"360\" srcset=\"https:\/\/arcofluid.fr\/wp-content\/uploads\/2015\/05\/phoenicsplusjo.png 480w, https:\/\/arcofluid.fr\/wp-content\/uploads\/2015\/05\/phoenicsplusjo-300x225.png 300w\" sizes=\"auto, (max-width: 480px) 100vw, 480px\" \/><\/a><p id=\"caption-attachment-514\" class=\"wp-caption-text\">Fortran coding<\/p><\/div><\/p>\n<p>\u00a0<\/p>\n<p style=\"text-align: center;\"><a href=\"http:\/\/arcofluid.fr\/?page_id=64\" target=\"_blank\">More information on PHOENICS-Direct<\/a><\/p>\n<p style=\"text-align: center;\">\u00a0<\/p>\n<h3>Documentation<\/h3>\n<p>The entire PHOENICS\/FLAIR Documentation is accessible on POLIS, the PHOENICS On-Line Information System. Several Manuals are available under PDF formats.<\/p>\n<p>\u00a0<\/p>\n<\/div><\/div><\/div><div id=\"pgc-108-1-1\"  class=\"panel-grid-cell\" ><div id=\"panel-108-1-1-0\" class=\"so-panel widget widget_black-studio-tinymce widget_black_studio_tinymce panel-first-child panel-last-child\" data-index=\"3\" ><h3 class=\"widget-title\">Customization &#038; Software development<\/h3><div class=\"textwidget\"><p style=\"text-align: justify;\"><strong>PHOENICS PLUS<\/strong><br \/> PHOENICS PLUS (GROUND coding) allows users to create customized environments to suit specific needs. Where an organization does not have the resources, or inclination, to undertake development our consultants will use PHOENICS PLUS to carry out the necessary work. If problems involve unique or ground-breaking physics this may not be included in the core of PHOENICS.<\/p>\n<p style=\"text-align: justify;\">PHOENICS PLUS allows new physics to be added to augment or replace standard definitions. IN-FORM achieves this on a case-by-case basis whereas additions made using PHOENICS PLUS are available for all cases.<\/p>\n<p style=\"text-align: justify;\"><strong>IN-FORM<\/strong><br \/> IN-FORM allows the user to add new physical and numerical features on a case-by-case basis. This includes the input of problem-defining, solution-controlling and results-presentation data using the VR Editor. The user can do this by way of easy-to-write formula which are interpreted by the code which then performs the specified computation. In-Form has enormously increased the simulation capabilities of PHOENICS. \u00a0<\/p>\n<p style=\"text-align: justify;\">Users can add their own subroutines, couple with their own specific software, create their own outputs: for example, create Ohmic input, Lorentz forces, Electromagnetic forces, bacteriological inputs. A large library of subroutines and In-Form coding of various physical phenomenon are available to the users.<\/p>\n<p style=\"text-align: justify;\">Example cases:<\/p>\n<p style=\"text-align: justify;\"><a href=\"http:\/\/arcofluid.fr\/wp-content\/uploads\/2015\/06\/Simulation_of_High_Pressure_Plasmas.pdf\" target=\"_blank\">Simulation_of_High_Pressure_Plasmas<\/a><\/p>\n<p style=\"text-align: justify;\"><a href=\"http:\/\/arcofluid.fr\/wp-content\/uploads\/2015\/06\/Thermocapillary_and_Magnetohydrodynamic_Effects.pdf\" target=\"_blank\">Thermocapillary_and_Magnetohydrodynamic_Effects<\/a><\/p>\n<p style=\"text-align: justify;\">\u00a0<\/p>\n<p style=\"text-align: justify;\">\u00a0Customized and specific software development to cover specials needs are provided.<\/p>\n<p><div id=\"attachment_515\" style=\"width: 490px\" class=\"wp-caption aligncenter\"><a href=\"http:\/\/arcofluid.fr\/wp-content\/uploads\/2015\/05\/informjo.png\"><img loading=\"lazy\" decoding=\"async\" aria-describedby=\"caption-attachment-515\" class=\"size-full wp-image-515\" src=\"http:\/\/arcofluid.fr\/wp-content\/uploads\/2015\/05\/informjo.png\" alt=\"TCL coding\" width=\"480\" height=\"360\" srcset=\"https:\/\/arcofluid.fr\/wp-content\/uploads\/2015\/05\/informjo.png 480w, https:\/\/arcofluid.fr\/wp-content\/uploads\/2015\/05\/informjo-300x225.png 300w\" sizes=\"auto, (max-width: 480px) 100vw, 480px\" \/><\/a><p id=\"caption-attachment-515\" class=\"wp-caption-text\">TCL coding<\/p><\/div><\/p>\n<\/div><\/div><\/div><\/div><\/div>","protected":false},"excerpt":{"rendered":"<p>Students, University Lecturers and Researchers University Students use PHOENICS as part of under- or post-graduate courses to perform calculations to validate their experimental data.PHOENICS can help researchers as it allows user defined parameters and formula to be easily entered, allowing new concepts to be evaluated. In addition to the many advanced mesh generation and physical [&hellip;]<\/p>\n","protected":false},"author":5,"featured_media":0,"parent":0,"menu_order":0,"comment_status":"closed","ping_status":"closed","template":"home-panels.php","meta":{"footnotes":""},"class_list":["post-108","page","type-page","status-publish","hentry","post"],"yoast_head":"<!-- This site is optimized with the Yoast SEO plugin v27.1.1 - https:\/\/yoast.com\/product\/yoast-seo-wordpress\/ -->\n<title>Acad\u00e9mique, Enseignement et Personnalisation - arcofluid<\/title>\n<meta name=\"description\" content=\"PHOENICS, HVAC, enseignement et recherche en CFD. Personnalisation, \u00e9lectromagn\u00e9tisme, Lorentz, CFD validation et conseil, d\u00e9veloppement de logiciels CFD\" \/>\n<meta name=\"robots\" content=\"index, follow, max-snippet:-1, max-image-preview:large, max-video-preview:-1\" \/>\n<link rel=\"canonical\" href=\"https:\/\/arcofluid.fr\/index.php\/customization\/\" \/>\n<meta property=\"og:locale\" content=\"fr_FR\" \/>\n<meta property=\"og:type\" content=\"article\" \/>\n<meta property=\"og:title\" content=\"Acad\u00e9mique, Enseignement et Personnalisation - arcofluid\" \/>\n<meta property=\"og:description\" content=\"PHOENICS, HVAC, enseignement et recherche en CFD. Personnalisation, \u00e9lectromagn\u00e9tisme, Lorentz, CFD validation et conseil, d\u00e9veloppement de logiciels CFD\" \/>\n<meta property=\"og:url\" content=\"https:\/\/arcofluid.fr\/index.php\/customization\/\" \/>\n<meta property=\"og:site_name\" content=\"arcofluid\" \/>\n<meta property=\"article:modified_time\" content=\"2015-08-22T16:20:32+00:00\" \/>\n<meta property=\"og:image\" content=\"http:\/\/arcofluid.fr\/wp-content\/uploads\/2015\/05\/phoenicsplusjo.png\" \/>\n<meta name=\"twitter:card\" content=\"summary_large_image\" \/>\n<meta name=\"twitter:label1\" content=\"Dur\u00e9e de lecture estim\u00e9e\" \/>\n\t<meta name=\"twitter:data1\" content=\"2 minutes\" \/>\n<script type=\"application\/ld+json\" class=\"yoast-schema-graph\">{\"@context\":\"https:\/\/schema.org\",\"@graph\":[{\"@type\":\"WebPage\",\"@id\":\"https:\/\/arcofluid.fr\/index.php\/customization\/\",\"url\":\"https:\/\/arcofluid.fr\/index.php\/customization\/\",\"name\":\"Acad\u00e9mique, Enseignement et Personnalisation - arcofluid\",\"isPartOf\":{\"@id\":\"https:\/\/arcofluid.fr\/#website\"},\"primaryImageOfPage\":{\"@id\":\"https:\/\/arcofluid.fr\/index.php\/customization\/#primaryimage\"},\"image\":{\"@id\":\"https:\/\/arcofluid.fr\/index.php\/customization\/#primaryimage\"},\"thumbnailUrl\":\"http:\/\/arcofluid.fr\/wp-content\/uploads\/2015\/05\/phoenicsplusjo.png\",\"datePublished\":\"2015-06-02T15:23:51+00:00\",\"dateModified\":\"2015-08-22T16:20:32+00:00\",\"description\":\"PHOENICS, HVAC, enseignement et recherche en CFD. Personnalisation, \u00e9lectromagn\u00e9tisme, Lorentz, CFD validation et conseil, d\u00e9veloppement de logiciels CFD\",\"breadcrumb\":{\"@id\":\"https:\/\/arcofluid.fr\/index.php\/customization\/#breadcrumb\"},\"inLanguage\":\"fr-FR\",\"potentialAction\":[{\"@type\":\"ReadAction\",\"target\":[\"https:\/\/arcofluid.fr\/index.php\/customization\/\"]}]},{\"@type\":\"ImageObject\",\"inLanguage\":\"fr-FR\",\"@id\":\"https:\/\/arcofluid.fr\/index.php\/customization\/#primaryimage\",\"url\":\"http:\/\/arcofluid.fr\/wp-content\/uploads\/2015\/05\/phoenicsplusjo.png\",\"contentUrl\":\"http:\/\/arcofluid.fr\/wp-content\/uploads\/2015\/05\/phoenicsplusjo.png\"},{\"@type\":\"BreadcrumbList\",\"@id\":\"https:\/\/arcofluid.fr\/index.php\/customization\/#breadcrumb\",\"itemListElement\":[{\"@type\":\"ListItem\",\"position\":1,\"name\":\"Home\",\"item\":\"https:\/\/arcofluid.fr\/\"},{\"@type\":\"ListItem\",\"position\":2,\"name\":\"Acad\u00e9mique, Enseignement et Personnalisation\"}]},{\"@type\":\"WebSite\",\"@id\":\"https:\/\/arcofluid.fr\/#website\",\"url\":\"https:\/\/arcofluid.fr\/\",\"name\":\"arcofluid\",\"description\":\"Service et logiciels en m\u00e9canique des fluides\",\"publisher\":{\"@id\":\"https:\/\/arcofluid.fr\/#organization\"},\"potentialAction\":[{\"@type\":\"SearchAction\",\"target\":{\"@type\":\"EntryPoint\",\"urlTemplate\":\"https:\/\/arcofluid.fr\/?s={search_term_string}\"},\"query-input\":{\"@type\":\"PropertyValueSpecification\",\"valueRequired\":true,\"valueName\":\"search_term_string\"}}],\"inLanguage\":\"fr-FR\"},{\"@type\":\"Organization\",\"@id\":\"https:\/\/arcofluid.fr\/#organization\",\"name\":\"Arcofluid\",\"url\":\"https:\/\/arcofluid.fr\/\",\"logo\":{\"@type\":\"ImageObject\",\"inLanguage\":\"fr-FR\",\"@id\":\"https:\/\/arcofluid.fr\/#\/schema\/logo\/image\/\",\"url\":\"https:\/\/arcofluid.fr\/wp-content\/uploads\/2015\/08\/Arcofluidfrlogor-e1439678519705.png\",\"contentUrl\":\"https:\/\/arcofluid.fr\/wp-content\/uploads\/2015\/08\/Arcofluidfrlogor-e1439678519705.png\",\"width\":383,\"height\":51,\"caption\":\"Arcofluid\"},\"image\":{\"@id\":\"https:\/\/arcofluid.fr\/#\/schema\/logo\/image\/\"}}]}<\/script>\n<!-- \/ Yoast SEO plugin. -->","yoast_head_json":{"title":"Acad\u00e9mique, Enseignement et Personnalisation - arcofluid","description":"PHOENICS, HVAC, enseignement et recherche en CFD. Personnalisation, \u00e9lectromagn\u00e9tisme, Lorentz, CFD validation et conseil, d\u00e9veloppement de logiciels CFD","robots":{"index":"index","follow":"follow","max-snippet":"max-snippet:-1","max-image-preview":"max-image-preview:large","max-video-preview":"max-video-preview:-1"},"canonical":"https:\/\/arcofluid.fr\/index.php\/customization\/","og_locale":"fr_FR","og_type":"article","og_title":"Acad\u00e9mique, Enseignement et Personnalisation - arcofluid","og_description":"PHOENICS, HVAC, enseignement et recherche en CFD. Personnalisation, \u00e9lectromagn\u00e9tisme, Lorentz, CFD validation et conseil, d\u00e9veloppement de logiciels CFD","og_url":"https:\/\/arcofluid.fr\/index.php\/customization\/","og_site_name":"arcofluid","article_modified_time":"2015-08-22T16:20:32+00:00","og_image":[{"url":"http:\/\/arcofluid.fr\/wp-content\/uploads\/2015\/05\/phoenicsplusjo.png","type":"","width":"","height":""}],"twitter_card":"summary_large_image","twitter_misc":{"Dur\u00e9e de lecture estim\u00e9e":"2 minutes"},"schema":{"@context":"https:\/\/schema.org","@graph":[{"@type":"WebPage","@id":"https:\/\/arcofluid.fr\/index.php\/customization\/","url":"https:\/\/arcofluid.fr\/index.php\/customization\/","name":"Acad\u00e9mique, Enseignement et Personnalisation - arcofluid","isPartOf":{"@id":"https:\/\/arcofluid.fr\/#website"},"primaryImageOfPage":{"@id":"https:\/\/arcofluid.fr\/index.php\/customization\/#primaryimage"},"image":{"@id":"https:\/\/arcofluid.fr\/index.php\/customization\/#primaryimage"},"thumbnailUrl":"http:\/\/arcofluid.fr\/wp-content\/uploads\/2015\/05\/phoenicsplusjo.png","datePublished":"2015-06-02T15:23:51+00:00","dateModified":"2015-08-22T16:20:32+00:00","description":"PHOENICS, HVAC, enseignement et recherche en CFD. Personnalisation, \u00e9lectromagn\u00e9tisme, Lorentz, CFD validation et conseil, d\u00e9veloppement de logiciels CFD","breadcrumb":{"@id":"https:\/\/arcofluid.fr\/index.php\/customization\/#breadcrumb"},"inLanguage":"fr-FR","potentialAction":[{"@type":"ReadAction","target":["https:\/\/arcofluid.fr\/index.php\/customization\/"]}]},{"@type":"ImageObject","inLanguage":"fr-FR","@id":"https:\/\/arcofluid.fr\/index.php\/customization\/#primaryimage","url":"http:\/\/arcofluid.fr\/wp-content\/uploads\/2015\/05\/phoenicsplusjo.png","contentUrl":"http:\/\/arcofluid.fr\/wp-content\/uploads\/2015\/05\/phoenicsplusjo.png"},{"@type":"BreadcrumbList","@id":"https:\/\/arcofluid.fr\/index.php\/customization\/#breadcrumb","itemListElement":[{"@type":"ListItem","position":1,"name":"Home","item":"https:\/\/arcofluid.fr\/"},{"@type":"ListItem","position":2,"name":"Acad\u00e9mique, Enseignement et Personnalisation"}]},{"@type":"WebSite","@id":"https:\/\/arcofluid.fr\/#website","url":"https:\/\/arcofluid.fr\/","name":"arcofluid","description":"Service et logiciels en m\u00e9canique des fluides","publisher":{"@id":"https:\/\/arcofluid.fr\/#organization"},"potentialAction":[{"@type":"SearchAction","target":{"@type":"EntryPoint","urlTemplate":"https:\/\/arcofluid.fr\/?s={search_term_string}"},"query-input":{"@type":"PropertyValueSpecification","valueRequired":true,"valueName":"search_term_string"}}],"inLanguage":"fr-FR"},{"@type":"Organization","@id":"https:\/\/arcofluid.fr\/#organization","name":"Arcofluid","url":"https:\/\/arcofluid.fr\/","logo":{"@type":"ImageObject","inLanguage":"fr-FR","@id":"https:\/\/arcofluid.fr\/#\/schema\/logo\/image\/","url":"https:\/\/arcofluid.fr\/wp-content\/uploads\/2015\/08\/Arcofluidfrlogor-e1439678519705.png","contentUrl":"https:\/\/arcofluid.fr\/wp-content\/uploads\/2015\/08\/Arcofluidfrlogor-e1439678519705.png","width":383,"height":51,"caption":"Arcofluid"},"image":{"@id":"https:\/\/arcofluid.fr\/#\/schema\/logo\/image\/"}}]}},"_links":{"self":[{"href":"https:\/\/arcofluid.fr\/index.php\/wp-json\/wp\/v2\/pages\/108","targetHints":{"allow":["GET"]}}],"collection":[{"href":"https:\/\/arcofluid.fr\/index.php\/wp-json\/wp\/v2\/pages"}],"about":[{"href":"https:\/\/arcofluid.fr\/index.php\/wp-json\/wp\/v2\/types\/page"}],"author":[{"embeddable":true,"href":"https:\/\/arcofluid.fr\/index.php\/wp-json\/wp\/v2\/users\/5"}],"replies":[{"embeddable":true,"href":"https:\/\/arcofluid.fr\/index.php\/wp-json\/wp\/v2\/comments?post=108"}],"version-history":[{"count":20,"href":"https:\/\/arcofluid.fr\/index.php\/wp-json\/wp\/v2\/pages\/108\/revisions"}],"predecessor-version":[{"id":1522,"href":"https:\/\/arcofluid.fr\/index.php\/wp-json\/wp\/v2\/pages\/108\/revisions\/1522"}],"wp:attachment":[{"href":"https:\/\/arcofluid.fr\/index.php\/wp-json\/wp\/v2\/media?parent=108"}],"curies":[{"name":"wp","href":"https:\/\/api.w.org\/{rel}","templated":true}]}}