{"id":1467,"date":"2015-08-13T21:57:22","date_gmt":"2015-08-13T21:57:22","guid":{"rendered":"http:\/\/arcofluid.fr\/?page_id=1467"},"modified":"2015-08-22T16:50:22","modified_gmt":"2015-08-22T16:50:22","slug":"water-software-consulting","status":"publish","type":"page","link":"https:\/\/arcofluid.fr\/index.php\/water-software-consulting\/","title":{"rendered":"Ing\u00e9nierie et logiciels dans le domaine de l&rsquo;eau"},"content":{"rendered":"<div id=\"pl-1467\"  class=\"panel-layout\" ><div id=\"pg-1467-0\"  class=\"panel-grid panel-no-style\" ><div id=\"pgc-1467-0-0\"  class=\"panel-grid-cell\" ><div id=\"panel-1467-0-0-0\" class=\"so-panel widget widget_headline-widget panel-first-child panel-last-child\" data-index=\"0\" >\t\t<h1>Ing\u00e9nierie et logiciels dans le domaine de l'eau<\/h1>\n\t\t<div class=\"decoration\"><div class=\"decoration-inside\"><\/div><\/div>\n\t\t<h3>Quelque soit la complexit\u00e9 de votre process ou design dans le domaine de l'eau - Phoenics peut le simuler<\/h3>\n\t\t<\/div><\/div><\/div><div id=\"pg-1467-1\"  class=\"panel-grid panel-no-style\" ><div id=\"pgc-1467-1-0\"  class=\"panel-grid-cell\" ><div id=\"panel-1467-1-0-0\" class=\"so-panel widget widget_black-studio-tinymce widget_black_studio_tinymce panel-first-child panel-last-child\" data-index=\"1\" ><div class=\"textwidget\"><p><div id=\"attachment_1488\" style=\"width: 658px\" class=\"wp-caption aligncenter\"><a href=\"http:\/\/arcofluid.fr\/wp-content\/uploads\/2015\/09\/wastewatersurfaceaeration1.png\"><img loading=\"lazy\" decoding=\"async\" aria-describedby=\"caption-attachment-1488\" class=\"wp-image-1488 size-full\" src=\"http:\/\/arcofluid.fr\/wp-content\/uploads\/2015\/09\/wastewatersurfaceaeration1.png\" alt=\"A\u00e9ration des eaux us\u00e9es  et effluents industriels\" width=\"648\" height=\"327\" srcset=\"https:\/\/arcofluid.fr\/wp-content\/uploads\/2015\/09\/wastewatersurfaceaeration1.png 648w, https:\/\/arcofluid.fr\/wp-content\/uploads\/2015\/09\/wastewatersurfaceaeration1-300x151.png 300w\" sizes=\"auto, (max-width: 648px) 100vw, 648px\" \/><\/a><p id=\"caption-attachment-1488\" class=\"wp-caption-text\">A\u00e9ration des eaux us\u00e9es et effluents industriels<\/p><\/div><\/p>\n<\/div><\/div><\/div><div id=\"pgc-1467-1-1\"  class=\"panel-grid-cell\" ><div id=\"panel-1467-1-1-0\" class=\"so-panel widget widget_black-studio-tinymce widget_black_studio_tinymce panel-first-child panel-last-child\" data-index=\"2\" ><div class=\"textwidget\"><p><div id=\"attachment_1489\" style=\"width: 658px\" class=\"wp-caption aligncenter\"><a href=\"http:\/\/arcofluid.fr\/wp-content\/uploads\/2015\/09\/stabilisationpond1.png\"><img loading=\"lazy\" decoding=\"async\" aria-describedby=\"caption-attachment-1489\" class=\"wp-image-1489 size-full\" src=\"http:\/\/arcofluid.fr\/wp-content\/uploads\/2015\/09\/stabilisationpond1.png\" alt=\"Etang de stabilisation\" width=\"648\" height=\"327\" srcset=\"https:\/\/arcofluid.fr\/wp-content\/uploads\/2015\/09\/stabilisationpond1.png 648w, https:\/\/arcofluid.fr\/wp-content\/uploads\/2015\/09\/stabilisationpond1-300x151.png 300w\" sizes=\"auto, (max-width: 648px) 100vw, 648px\" \/><\/a><p id=\"caption-attachment-1489\" class=\"wp-caption-text\">Etang de stabilisation<\/p><\/div><\/p>\n<\/div><\/div><\/div><div id=\"pgc-1467-1-2\"  class=\"panel-grid-cell\" ><div id=\"panel-1467-1-2-0\" class=\"so-panel widget widget_black-studio-tinymce widget_black_studio_tinymce panel-first-child panel-last-child\" data-index=\"3\" ><div class=\"textwidget\"><p><div id=\"attachment_1490\" style=\"width: 658px\" class=\"wp-caption aligncenter\"><a href=\"http:\/\/arcofluid.fr\/wp-content\/uploads\/2015\/09\/stormwateroutfallintoestuary1.png\"><img loading=\"lazy\" decoding=\"async\" aria-describedby=\"caption-attachment-1490\" class=\"wp-image-1490 size-full\" src=\"http:\/\/arcofluid.fr\/wp-content\/uploads\/2015\/09\/stormwateroutfallintoestuary1.png\" alt=\"Evacuation des eaux de pluie et eaux us\u00e9es vers les estuaires\" width=\"648\" height=\"327\" srcset=\"https:\/\/arcofluid.fr\/wp-content\/uploads\/2015\/09\/stormwateroutfallintoestuary1.png 648w, https:\/\/arcofluid.fr\/wp-content\/uploads\/2015\/09\/stormwateroutfallintoestuary1-300x151.png 300w\" sizes=\"auto, (max-width: 648px) 100vw, 648px\" \/><\/a><p id=\"caption-attachment-1490\" class=\"wp-caption-text\">Evacuation des eaux de pluie et eaux us\u00e9es vers les estuaires<\/p><\/div><\/p>\n<\/div><\/div><\/div><\/div><div id=\"pg-1467-2\"  class=\"panel-grid panel-no-style\" ><div id=\"pgc-1467-2-0\"  class=\"panel-grid-cell\" ><div id=\"panel-1467-2-0-0\" class=\"so-panel widget widget_black-studio-tinymce widget_black_studio_tinymce panel-first-child panel-last-child\" data-index=\"4\" ><h3 class=\"widget-title\">Applications I<\/h3><div class=\"textwidget\"><ul>\n<li><span class=\"notranslate\" style=\"color: #0000ff;\">R\u00e9servoirs d'eau potable<\/span><\/li>\n<li><span class=\"notranslate\" style=\"color: #0000ff;\"> contr\u00f4le de la qualit\u00e9 de l'eau<\/span><\/li>\n<li><span class=\"notranslate\" style=\"color: #0000ff;\"> Effluents des eaux us\u00e9es<\/span><\/li>\n<li><span class=\"notranslate\" style=\"color: #0000ff;\"> Stockage et a\u00e9ration<\/span><\/li>\n<li><span class=\"notranslate\" style=\"color: #0000ff;\"> analyse de pipelines<\/span><\/li>\n<\/ul>\n<\/div><\/div><\/div><div id=\"pgc-1467-2-1\"  class=\"panel-grid-cell\" ><div id=\"panel-1467-2-1-0\" class=\"so-panel widget widget_black-studio-tinymce widget_black_studio_tinymce panel-first-child panel-last-child\" data-index=\"5\" ><h3 class=\"widget-title\">Applications II<\/h3><div class=\"textwidget\"><ul>\n<li><span class=\"notranslate\" style=\"color: #0000ff;\">Les prises d'eau aux barrages hydrauliques<br \/><\/span><\/li>\n<li><span class=\"notranslate\" style=\"color: #0000ff;\"> Fonctionnement des chambres de d\u00e9bordement d'\u00e9gouts<br \/><\/span><\/li>\n<li><span class=\"notranslate\" style=\"color: #0000ff;\"> D\u00e9versoir des eaux pluviales<\/span><\/li>\n<li><span class=\"notranslate\" style=\"color: #0000ff;\"> Propagation de la pollution dans les rivi\u00e8res<\/span><\/li>\n<li><span class=\"notranslate\" style=\"color: #0000ff;\"> Gestion des risques environnementaux<\/span><\/li>\n<li><span class=\"notranslate\" style=\"color: #0000ff;\"> Pompes \u00e0 eau<\/span><\/li>\n<\/ul>\n<\/div><\/div><\/div><div id=\"pgc-1467-2-2\"  class=\"panel-grid-cell\" ><div id=\"panel-1467-2-2-0\" class=\"so-panel widget widget_black-studio-tinymce widget_black_studio_tinymce panel-first-child panel-last-child\" data-index=\"6\" ><h3 class=\"widget-title\">Fonctionnalit\u00e9s<\/h3><div class=\"textwidget\"><ul>\n<li><span class=\"notranslate\" style=\"color: #0000ff;\">Calculs des \u00e9tats stationnaires ou transitoires<\/span><\/li>\n<li><span class=\"notranslate\" style=\"color: #0000ff;\"> Mono- ou multi-phasiques<\/span><\/li>\n<li><span class=\"notranslate\" style=\"color: #0000ff;\"> Mod\u00e9lisation des surfaces libres<\/span><\/li>\n<li><span style=\"color: #0000ff;\">\u00c9quations de St Venant<\/span><\/li>\n<li><span class=\"notranslate\" style=\"color: #0000ff;\"> S\u00e9dimentation des particules <br \/><\/span><\/li>\n<li><span class=\"notranslate\" style=\"color: #0000ff;\"> M\u00e9lange turbulent et a\u00e9ration<\/span><\/li>\n<li><span class=\"notranslate\" style=\"color: #0000ff;\"> Vitesse, Temp\u00e9rature, Concentration et temps de r\u00e9sidence<br \/><\/span><\/li>\n<\/ul>\n<\/div><\/div><\/div><\/div><div id=\"pg-1467-3\"  class=\"panel-grid panel-no-style\" ><div id=\"pgc-1467-3-0\"  class=\"panel-grid-cell\" ><div id=\"panel-1467-3-0-0\" class=\"so-panel widget widget_black-studio-tinymce widget_black_studio_tinymce panel-first-child panel-last-child\" data-index=\"7\" ><div class=\"textwidget\"><p><div id=\"attachment_1491\" style=\"width: 658px\" class=\"wp-caption aligncenter\"><a href=\"http:\/\/arcofluid.fr\/wp-content\/uploads\/2015\/09\/WasteWaterSurfaceandImpellerAeration1.png\"><img loading=\"lazy\" decoding=\"async\" aria-describedby=\"caption-attachment-1491\" class=\"wp-image-1491 size-full\" src=\"http:\/\/arcofluid.fr\/wp-content\/uploads\/2015\/09\/WasteWaterSurfaceandImpellerAeration1.png\" alt=\"A\u00e9ration des eaux us\u00e9es  et effluents industriels et roues d'a\u00e9ration\" width=\"648\" height=\"327\" srcset=\"https:\/\/arcofluid.fr\/wp-content\/uploads\/2015\/09\/WasteWaterSurfaceandImpellerAeration1.png 648w, https:\/\/arcofluid.fr\/wp-content\/uploads\/2015\/09\/WasteWaterSurfaceandImpellerAeration1-300x151.png 300w\" sizes=\"auto, (max-width: 648px) 100vw, 648px\" \/><\/a><p id=\"caption-attachment-1491\" class=\"wp-caption-text\">A\u00e9ration des eaux us\u00e9es et effluents industriels et roues d'a\u00e9ration<\/p><\/div><\/p>\n<\/div><\/div><\/div><div id=\"pgc-1467-3-1\"  class=\"panel-grid-cell\" ><div id=\"panel-1467-3-1-0\" class=\"so-panel widget widget_black-studio-tinymce widget_black_studio_tinymce panel-first-child panel-last-child\" data-index=\"8\" ><div class=\"textwidget\"><p><div id=\"attachment_1482\" style=\"width: 658px\" class=\"wp-caption aligncenter\"><a href=\"http:\/\/arcofluid.fr\/wp-content\/uploads\/2015\/09\/stabilisationpondcomputed.png\"><img loading=\"lazy\" decoding=\"async\" aria-describedby=\"caption-attachment-1482\" class=\"wp-image-1482 size-full\" src=\"http:\/\/arcofluid.fr\/wp-content\/uploads\/2015\/09\/stabilisationpondcomputed.png\" alt=\"Mod\u00e9lisation d'\u00e9tang de stabilisation\" width=\"648\" height=\"327\" srcset=\"https:\/\/arcofluid.fr\/wp-content\/uploads\/2015\/09\/stabilisationpondcomputed.png 648w, https:\/\/arcofluid.fr\/wp-content\/uploads\/2015\/09\/stabilisationpondcomputed-300x151.png 300w\" sizes=\"auto, (max-width: 648px) 100vw, 648px\" \/><\/a><p id=\"caption-attachment-1482\" class=\"wp-caption-text\">Mod\u00e9lisation d'\u00e9tang de stabilisation<\/p><\/div><\/p>\n<\/div><\/div><\/div><div id=\"pgc-1467-3-2\"  class=\"panel-grid-cell\" ><div id=\"panel-1467-3-2-0\" class=\"so-panel widget widget_black-studio-tinymce widget_black_studio_tinymce panel-first-child panel-last-child\" data-index=\"9\" ><div class=\"textwidget\"><p><div id=\"attachment_1492\" style=\"width: 160px\" class=\"wp-caption aligncenter\"><a href=\"http:\/\/arcofluid.fr\/wp-content\/uploads\/2015\/09\/freesurfacedrop1.png\"><img loading=\"lazy\" decoding=\"async\" aria-describedby=\"caption-attachment-1492\" class=\"wp-image-1492 size-thumbnail\" src=\"http:\/\/arcofluid.fr\/wp-content\/uploads\/2015\/09\/freesurfacedrop1-150x150.png\" alt=\"Probl\u00e8me de surfaces libres\" width=\"150\" height=\"150\" \/><\/a><p id=\"caption-attachment-1492\" class=\"wp-caption-text\">Probl\u00e8me de surfaces libres<\/p><\/div><\/p>\n<\/div><\/div><\/div><\/div><div id=\"pg-1467-4\"  class=\"panel-grid panel-no-style\" ><div id=\"pgc-1467-4-0\"  class=\"panel-grid-cell\" ><div id=\"panel-1467-4-0-0\" class=\"so-panel widget widget_black-studio-tinymce widget_black_studio_tinymce panel-first-child panel-last-child\" data-index=\"10\" ><div class=\"textwidget\"><p style=\"text-align: center;\"><a class=\"fasc-button fasc-size-large fasc-type-flat fasc-rounded-medium\" style=\"background-color: #33559e; color: #ffffff;\" href=\"http:\/\/arcofluid.fr\/index.php\/contact-us\/\" data-fasc-style=\"background-color:#33559e;color:#ffffff;\">Nous Contacter<\/a><\/p>\n<\/div><\/div><\/div><div id=\"pgc-1467-4-1\"  class=\"panel-grid-cell\" ><div id=\"panel-1467-4-1-0\" class=\"so-panel widget widget_black-studio-tinymce widget_black_studio_tinymce panel-first-child panel-last-child\" data-index=\"11\" ><div class=\"textwidget\"><p><a href=\"http:\/\/arcofluid.fr\/wp-content\/uploads\/2015\/09\/concentrationdistribution.png\"><img loading=\"lazy\" decoding=\"async\" class=\"aligncenter wp-image-1469 size-thumbnail\" src=\"http:\/\/arcofluid.fr\/wp-content\/uploads\/2015\/09\/concentrationdistribution-150x150.png\" alt=\"\" width=\"150\" height=\"150\" \/><\/a><\/p>\n<\/div><\/div><\/div><div id=\"pgc-1467-4-2\"  class=\"panel-grid-cell\" ><div id=\"panel-1467-4-2-0\" class=\"so-panel widget widget_black-studio-tinymce widget_black_studio_tinymce panel-first-child panel-last-child\" data-index=\"12\" ><div class=\"textwidget\"><p style=\"text-align: center;\"><a class=\"fasc-button fasc-size-large fasc-type-flat fasc-rounded-medium\" style=\"background-color: #33559e; color: #ffffff;\" href=\"http:\/\/arcofluid.fr\/wp-content\/uploads\/2015\/08\/Phoenicspublicationswater.pdf\" target=\"_blank\" data-fasc-style=\"background-color:#33559e;color:#ffffff;\">Liste des publications de Phoenics dans le domaine de l'eau<\/a><\/p>\n<\/div><\/div><\/div><\/div><div id=\"pg-1467-5\"  class=\"panel-grid panel-no-style\" ><div id=\"pgc-1467-5-0\"  class=\"panel-grid-cell\" ><div id=\"panel-1467-5-0-0\" class=\"so-panel widget widget_headline-widget panel-first-child panel-last-child\" data-index=\"13\" >\t\t<h1>Cas d'\u00e9tudes dans le domaine de l'eau<\/h1>\n\t\t<div class=\"decoration\"><div class=\"decoration-inside\"><\/div><\/div>\n\t\t<h3>Les applications industrielles par les utilisateurs PHOENICS<\/h3>\n\t\t<\/div><\/div><\/div><div id=\"pg-1467-6\"  class=\"panel-grid panel-no-style\" ><div id=\"pgc-1467-6-0\"  class=\"panel-grid-cell\" ><div id=\"panel-1467-6-0-0\" class=\"so-panel widget widget_black-studio-tinymce widget_black_studio_tinymce panel-first-child panel-last-child\" data-index=\"14\" ><h3 class=\"widget-title\">PHOENICS: applications by the Tenneessee Valley Authority<\/h3><div class=\"textwidget\"><p><a href=\"https:\/\/arcofluid.fr\/wp-content\/uploads\/2015\/09\/Applications-by-the-Tenneessee-Valley-Authority.pdf\" class=\"pdfemb-viewer\" style=\"\" data-width=\"max\" data-height=\"max\" data-toolbar=\"top\" data-toolbar-fixed=\"on\">Applications-by-the-Tenneessee-Valley-Authority<\/a><\/p>\n<\/div><\/div><\/div><\/div><div id=\"pg-1467-7\"  class=\"panel-grid panel-no-style\" ><div id=\"pgc-1467-7-0\"  class=\"panel-grid-cell\" ><div id=\"panel-1467-7-0-0\" class=\"so-panel widget widget_black-studio-tinymce widget_black_studio_tinymce panel-first-child panel-last-child\" data-index=\"15\" ><h3 class=\"widget-title\">Water Applications:  wave effects<\/h3><div class=\"textwidget\"><p><a href=\"https:\/\/arcofluid.fr\/wp-content\/uploads\/2015\/09\/WaterApplicationswaveeffects.pdf\" class=\"pdfemb-viewer\" style=\"\" data-width=\"max\" data-height=\"max\" data-toolbar=\"top\" data-toolbar-fixed=\"on\">WaterApplicationswaveeffects<\/a><\/p>\n<\/div><\/div><\/div><\/div><\/div>","protected":false},"excerpt":{"rendered":"<p>Ing\u00e9nierie et logiciels dans le domaine de l&rsquo;eau Quelque soit la complexit\u00e9 de votre process ou design dans le domaine de l&rsquo;eau &#8211; Phoenics peut le simuler A\u00e9ration des eaux us\u00e9es et effluents industriels Etang de stabilisation Evacuation des eaux de pluie et eaux us\u00e9es vers les estuaires Applications I R\u00e9servoirs d&rsquo;eau potable contr\u00f4le de [&hellip;]<\/p>\n","protected":false},"author":5,"featured_media":0,"parent":0,"menu_order":0,"comment_status":"closed","ping_status":"open","template":"home-panels.php","meta":{"footnotes":""},"class_list":["post-1467","page","type-page","status-publish","hentry","post"],"yoast_head":"<!-- This site is optimized with the Yoast SEO plugin v27.1.1 - https:\/\/yoast.com\/product\/yoast-seo-wordpress\/ -->\n<title>PHOENICS CFD dans le domaine de l&#039;eau - Arcofluid<\/title>\n<meta name=\"description\" content=\"applications de l&#039;eau, r\u00e9servoirs d&#039;eau potable, effluents des eaux us\u00e9es, stockage et a\u00e9ration, prises d&#039;eau des barrages, pompes \u00e0 eau, pollution de l&#039;eau\" \/>\n<meta name=\"robots\" content=\"index, follow, max-snippet:-1, max-image-preview:large, max-video-preview:-1\" \/>\n<link rel=\"canonical\" href=\"https:\/\/arcofluid.fr\/index.php\/water-software-consulting\/\" \/>\n<meta property=\"og:locale\" content=\"fr_FR\" \/>\n<meta property=\"og:type\" content=\"article\" \/>\n<meta property=\"og:title\" content=\"PHOENICS CFD dans le domaine de l&#039;eau - Arcofluid\" \/>\n<meta property=\"og:description\" content=\"applications de l&#039;eau, r\u00e9servoirs d&#039;eau potable, effluents des eaux us\u00e9es, stockage et a\u00e9ration, prises d&#039;eau des barrages, pompes \u00e0 eau, pollution de l&#039;eau\" \/>\n<meta property=\"og:url\" content=\"https:\/\/arcofluid.fr\/index.php\/water-software-consulting\/\" \/>\n<meta property=\"og:site_name\" content=\"arcofluid\" \/>\n<meta property=\"article:modified_time\" content=\"2015-08-22T16:50:22+00:00\" \/>\n<meta property=\"og:image\" content=\"http:\/\/arcofluid.fr\/wp-content\/uploads\/2015\/09\/wastewatersurfaceaeration1.png\" \/>\n<meta name=\"twitter:card\" content=\"summary_large_image\" \/>\n<meta name=\"twitter:label1\" content=\"Dur\u00e9e de lecture estim\u00e9e\" \/>\n\t<meta name=\"twitter:data1\" content=\"1 minute\" \/>\n<script type=\"application\/ld+json\" class=\"yoast-schema-graph\">{\"@context\":\"https:\/\/schema.org\",\"@graph\":[{\"@type\":\"WebPage\",\"@id\":\"https:\/\/arcofluid.fr\/index.php\/water-software-consulting\/\",\"url\":\"https:\/\/arcofluid.fr\/index.php\/water-software-consulting\/\",\"name\":\"PHOENICS CFD dans le domaine de l'eau - Arcofluid\",\"isPartOf\":{\"@id\":\"https:\/\/arcofluid.fr\/#website\"},\"primaryImageOfPage\":{\"@id\":\"https:\/\/arcofluid.fr\/index.php\/water-software-consulting\/#primaryimage\"},\"image\":{\"@id\":\"https:\/\/arcofluid.fr\/index.php\/water-software-consulting\/#primaryimage\"},\"thumbnailUrl\":\"http:\/\/arcofluid.fr\/wp-content\/uploads\/2015\/09\/wastewatersurfaceaeration1.png\",\"datePublished\":\"2015-08-13T21:57:22+00:00\",\"dateModified\":\"2015-08-22T16:50:22+00:00\",\"description\":\"applications de l'eau, r\u00e9servoirs d'eau potable, effluents des eaux us\u00e9es, stockage et a\u00e9ration, prises d'eau des barrages, pompes \u00e0 eau, pollution de l'eau\",\"breadcrumb\":{\"@id\":\"https:\/\/arcofluid.fr\/index.php\/water-software-consulting\/#breadcrumb\"},\"inLanguage\":\"fr-FR\",\"potentialAction\":[{\"@type\":\"ReadAction\",\"target\":[\"https:\/\/arcofluid.fr\/index.php\/water-software-consulting\/\"]}]},{\"@type\":\"ImageObject\",\"inLanguage\":\"fr-FR\",\"@id\":\"https:\/\/arcofluid.fr\/index.php\/water-software-consulting\/#primaryimage\",\"url\":\"http:\/\/arcofluid.fr\/wp-content\/uploads\/2015\/09\/wastewatersurfaceaeration1.png\",\"contentUrl\":\"http:\/\/arcofluid.fr\/wp-content\/uploads\/2015\/09\/wastewatersurfaceaeration1.png\"},{\"@type\":\"BreadcrumbList\",\"@id\":\"https:\/\/arcofluid.fr\/index.php\/water-software-consulting\/#breadcrumb\",\"itemListElement\":[{\"@type\":\"ListItem\",\"position\":1,\"name\":\"Home\",\"item\":\"https:\/\/arcofluid.fr\/\"},{\"@type\":\"ListItem\",\"position\":2,\"name\":\"Ing\u00e9nierie et logiciels dans le domaine de l&rsquo;eau\"}]},{\"@type\":\"WebSite\",\"@id\":\"https:\/\/arcofluid.fr\/#website\",\"url\":\"https:\/\/arcofluid.fr\/\",\"name\":\"arcofluid\",\"description\":\"Service et logiciels en m\u00e9canique des fluides\",\"publisher\":{\"@id\":\"https:\/\/arcofluid.fr\/#organization\"},\"potentialAction\":[{\"@type\":\"SearchAction\",\"target\":{\"@type\":\"EntryPoint\",\"urlTemplate\":\"https:\/\/arcofluid.fr\/?s={search_term_string}\"},\"query-input\":{\"@type\":\"PropertyValueSpecification\",\"valueRequired\":true,\"valueName\":\"search_term_string\"}}],\"inLanguage\":\"fr-FR\"},{\"@type\":\"Organization\",\"@id\":\"https:\/\/arcofluid.fr\/#organization\",\"name\":\"Arcofluid\",\"url\":\"https:\/\/arcofluid.fr\/\",\"logo\":{\"@type\":\"ImageObject\",\"inLanguage\":\"fr-FR\",\"@id\":\"https:\/\/arcofluid.fr\/#\/schema\/logo\/image\/\",\"url\":\"https:\/\/arcofluid.fr\/wp-content\/uploads\/2015\/08\/Arcofluidfrlogor-e1439678519705.png\",\"contentUrl\":\"https:\/\/arcofluid.fr\/wp-content\/uploads\/2015\/08\/Arcofluidfrlogor-e1439678519705.png\",\"width\":383,\"height\":51,\"caption\":\"Arcofluid\"},\"image\":{\"@id\":\"https:\/\/arcofluid.fr\/#\/schema\/logo\/image\/\"}}]}<\/script>\n<!-- \/ Yoast SEO plugin. -->","yoast_head_json":{"title":"PHOENICS CFD dans le domaine de l'eau - Arcofluid","description":"applications de l'eau, r\u00e9servoirs d'eau potable, effluents des eaux us\u00e9es, stockage et a\u00e9ration, prises d'eau des barrages, pompes \u00e0 eau, pollution de l'eau","robots":{"index":"index","follow":"follow","max-snippet":"max-snippet:-1","max-image-preview":"max-image-preview:large","max-video-preview":"max-video-preview:-1"},"canonical":"https:\/\/arcofluid.fr\/index.php\/water-software-consulting\/","og_locale":"fr_FR","og_type":"article","og_title":"PHOENICS CFD dans le domaine de l'eau - Arcofluid","og_description":"applications de l'eau, r\u00e9servoirs d'eau potable, effluents des eaux us\u00e9es, stockage et a\u00e9ration, prises d'eau des barrages, pompes \u00e0 eau, pollution de l'eau","og_url":"https:\/\/arcofluid.fr\/index.php\/water-software-consulting\/","og_site_name":"arcofluid","article_modified_time":"2015-08-22T16:50:22+00:00","og_image":[{"url":"http:\/\/arcofluid.fr\/wp-content\/uploads\/2015\/09\/wastewatersurfaceaeration1.png","type":"","width":"","height":""}],"twitter_card":"summary_large_image","twitter_misc":{"Dur\u00e9e de lecture estim\u00e9e":"1 minute"},"schema":{"@context":"https:\/\/schema.org","@graph":[{"@type":"WebPage","@id":"https:\/\/arcofluid.fr\/index.php\/water-software-consulting\/","url":"https:\/\/arcofluid.fr\/index.php\/water-software-consulting\/","name":"PHOENICS CFD dans le domaine de l'eau - Arcofluid","isPartOf":{"@id":"https:\/\/arcofluid.fr\/#website"},"primaryImageOfPage":{"@id":"https:\/\/arcofluid.fr\/index.php\/water-software-consulting\/#primaryimage"},"image":{"@id":"https:\/\/arcofluid.fr\/index.php\/water-software-consulting\/#primaryimage"},"thumbnailUrl":"http:\/\/arcofluid.fr\/wp-content\/uploads\/2015\/09\/wastewatersurfaceaeration1.png","datePublished":"2015-08-13T21:57:22+00:00","dateModified":"2015-08-22T16:50:22+00:00","description":"applications de l'eau, r\u00e9servoirs d'eau potable, effluents des eaux us\u00e9es, stockage et a\u00e9ration, prises d'eau des barrages, pompes \u00e0 eau, pollution de l'eau","breadcrumb":{"@id":"https:\/\/arcofluid.fr\/index.php\/water-software-consulting\/#breadcrumb"},"inLanguage":"fr-FR","potentialAction":[{"@type":"ReadAction","target":["https:\/\/arcofluid.fr\/index.php\/water-software-consulting\/"]}]},{"@type":"ImageObject","inLanguage":"fr-FR","@id":"https:\/\/arcofluid.fr\/index.php\/water-software-consulting\/#primaryimage","url":"http:\/\/arcofluid.fr\/wp-content\/uploads\/2015\/09\/wastewatersurfaceaeration1.png","contentUrl":"http:\/\/arcofluid.fr\/wp-content\/uploads\/2015\/09\/wastewatersurfaceaeration1.png"},{"@type":"BreadcrumbList","@id":"https:\/\/arcofluid.fr\/index.php\/water-software-consulting\/#breadcrumb","itemListElement":[{"@type":"ListItem","position":1,"name":"Home","item":"https:\/\/arcofluid.fr\/"},{"@type":"ListItem","position":2,"name":"Ing\u00e9nierie et logiciels dans le domaine de l&rsquo;eau"}]},{"@type":"WebSite","@id":"https:\/\/arcofluid.fr\/#website","url":"https:\/\/arcofluid.fr\/","name":"arcofluid","description":"Service et logiciels en m\u00e9canique des fluides","publisher":{"@id":"https:\/\/arcofluid.fr\/#organization"},"potentialAction":[{"@type":"SearchAction","target":{"@type":"EntryPoint","urlTemplate":"https:\/\/arcofluid.fr\/?s={search_term_string}"},"query-input":{"@type":"PropertyValueSpecification","valueRequired":true,"valueName":"search_term_string"}}],"inLanguage":"fr-FR"},{"@type":"Organization","@id":"https:\/\/arcofluid.fr\/#organization","name":"Arcofluid","url":"https:\/\/arcofluid.fr\/","logo":{"@type":"ImageObject","inLanguage":"fr-FR","@id":"https:\/\/arcofluid.fr\/#\/schema\/logo\/image\/","url":"https:\/\/arcofluid.fr\/wp-content\/uploads\/2015\/08\/Arcofluidfrlogor-e1439678519705.png","contentUrl":"https:\/\/arcofluid.fr\/wp-content\/uploads\/2015\/08\/Arcofluidfrlogor-e1439678519705.png","width":383,"height":51,"caption":"Arcofluid"},"image":{"@id":"https:\/\/arcofluid.fr\/#\/schema\/logo\/image\/"}}]}},"_links":{"self":[{"href":"https:\/\/arcofluid.fr\/index.php\/wp-json\/wp\/v2\/pages\/1467","targetHints":{"allow":["GET"]}}],"collection":[{"href":"https:\/\/arcofluid.fr\/index.php\/wp-json\/wp\/v2\/pages"}],"about":[{"href":"https:\/\/arcofluid.fr\/index.php\/wp-json\/wp\/v2\/types\/page"}],"author":[{"embeddable":true,"href":"https:\/\/arcofluid.fr\/index.php\/wp-json\/wp\/v2\/users\/5"}],"replies":[{"embeddable":true,"href":"https:\/\/arcofluid.fr\/index.php\/wp-json\/wp\/v2\/comments?post=1467"}],"version-history":[{"count":38,"href":"https:\/\/arcofluid.fr\/index.php\/wp-json\/wp\/v2\/pages\/1467\/revisions"}],"predecessor-version":[{"id":1642,"href":"https:\/\/arcofluid.fr\/index.php\/wp-json\/wp\/v2\/pages\/1467\/revisions\/1642"}],"wp:attachment":[{"href":"https:\/\/arcofluid.fr\/index.php\/wp-json\/wp\/v2\/media?parent=1467"}],"curies":[{"name":"wp","href":"https:\/\/api.w.org\/{rel}","templated":true}]}}