{"id":40,"date":"2015-05-31T17:02:19","date_gmt":"2015-05-31T17:02:19","guid":{"rendered":"http:\/\/arcofluid.fr\/?page_id=40"},"modified":"2025-12-27T17:16:09","modified_gmt":"2025-12-27T17:16:09","slug":"contact-us","status":"publish","type":"page","link":"https:\/\/arcofluid.fr\/index.php\/contact-us\/","title":{"rendered":"Contact"},"content":{"rendered":"<div id=\"pl-40\"  class=\"panel-layout\" ><div id=\"pg-40-0\"  class=\"panel-grid panel-no-style\" ><div id=\"pgc-40-0-0\"  class=\"panel-grid-cell\" ><div id=\"panel-40-0-0-0\" class=\"so-panel widget widget_black-studio-tinymce widget_black_studio_tinymce panel-first-child panel-last-child\" data-index=\"0\" ><h3 class=\"widget-title\">Nous Contactez<\/h3><div class=\"textwidget\"><p>Tel: +33 (0)9 61 05 57 49<\/p>\n<p>Adresse: 1 Rue de l'Horloge, 09190 Saint-Lizier<\/p>\n<p>Email: info@arcofluid.fr<\/p>\n<p><span class=\"notranslate\">Vous pouvez aussi remplir le formulaire de contact ci-dessous et nous nous mettrons en contact avec vous le plus rapidement possible<br \/>\n<\/span><\/p>\n<p>\n<div class=\"wpcf7 no-js\" id=\"wpcf7-f77-o1\" lang=\"en-US\" dir=\"ltr\" data-wpcf7-id=\"77\">\n<div class=\"screen-reader-response\"><p role=\"status\" aria-live=\"polite\" aria-atomic=\"true\"><\/p> <ul><\/ul><\/div>\n<form action=\"\/index.php\/wp-json\/wp\/v2\/pages\/40#wpcf7-f77-o1\" method=\"post\" class=\"wpcf7-form init\" aria-label=\"Contact form\" novalidate=\"novalidate\" data-status=\"init\">\n<fieldset class=\"hidden-fields-container\"><input type=\"hidden\" name=\"_wpcf7\" value=\"77\" \/><input type=\"hidden\" name=\"_wpcf7_version\" value=\"6.1.5\" \/><input type=\"hidden\" name=\"_wpcf7_locale\" value=\"en_US\" \/><input type=\"hidden\" name=\"_wpcf7_unit_tag\" value=\"wpcf7-f77-o1\" \/><input type=\"hidden\" name=\"_wpcf7_container_post\" value=\"0\" \/><input type=\"hidden\" name=\"_wpcf7_posted_data_hash\" value=\"\" \/>\n<\/fieldset>\n<p>Votre Nom (requis)\n<\/p>\n<p><span class=\"wpcf7-form-control-wrap\" data-name=\"your-name\"><input size=\"40\" maxlength=\"400\" class=\"wpcf7-form-control wpcf7-text wpcf7-validates-as-required\" aria-required=\"true\" aria-invalid=\"false\" value=\"\" type=\"text\" name=\"your-name\" \/><\/span>\n<\/p>\n<p>Votre Email (requis)\n<\/p>\n<p><span class=\"wpcf7-form-control-wrap\" data-name=\"your-email\"><input size=\"40\" maxlength=\"400\" class=\"wpcf7-form-control wpcf7-email wpcf7-validates-as-required wpcf7-text wpcf7-validates-as-email\" aria-required=\"true\" aria-invalid=\"false\" value=\"\" type=\"email\" name=\"your-email\" \/><\/span>\n<\/p>\n<p>Sujet (requis)\n<\/p>\n<p><span class=\"wpcf7-form-control-wrap\" data-name=\"your-subject\"><input size=\"40\" maxlength=\"400\" class=\"wpcf7-form-control wpcf7-text wpcf7-validates-as-required\" aria-required=\"true\" aria-invalid=\"false\" value=\"\" type=\"text\" name=\"your-subject\" \/><\/span>\n<\/p>\n<p>Commentaires (requis)\n<\/p>\n<p><span class=\"wpcf7-form-control-wrap\" data-name=\"your-message\"><textarea cols=\"40\" rows=\"10\" maxlength=\"2000\" class=\"wpcf7-form-control wpcf7-textarea wpcf7-validates-as-required\" aria-required=\"true\" aria-invalid=\"false\" name=\"your-message\"><\/textarea><\/span>\n<\/p>\n<p> <div id=\"cf7sr-69d7acd26eeed\" class=\"cf7sr-g-recaptcha\" data-theme=\"light\" data-type=\"image\" data-size=\"normal\" data-sitekey=\"6LcTQc4UAAAAACkmfIFnMvvoMPanLlurPES8cyfO\"><\/div><span class=\"wpcf7-form-control-wrap cf7sr-recaptcha\" data-name=\"cf7sr-recaptcha\"><input type=\"hidden\" name=\"cf7sr-recaptcha\" value=\"\" class=\"wpcf7-form-control\"><\/span>\n<\/p>\n<p><input class=\"wpcf7-form-control wpcf7-submit has-spinner\" type=\"submit\" value=\"Envoyez\" \/>\n<\/p><div class=\"wpcf7-response-output\" aria-hidden=\"true\"><\/div>\n<\/form>\n<\/div>\n<\/p>\n<\/div><\/div><\/div><div id=\"pgc-40-0-1\"  class=\"panel-grid-cell panel-grid-cell-empty\" ><\/div><div id=\"pgc-40-0-2\"  class=\"panel-grid-cell\" ><div id=\"panel-40-0-2-0\" class=\"so-panel widget widget_black-studio-tinymce widget_black_studio_tinymce panel-first-child panel-last-child\" data-index=\"1\" ><div class=\"textwidget\"><p><iframe loading=\"lazy\" src=\"https:\/\/www.google.com\/maps\/embed?pb=!1m18!1m12!1m3!1d2829.136959290045!2d-0.6801305999999999!3d44.8391441!2m3!1f0!2f0!3f0!3m2!1i1024!2i768!4f13.1!3m3!1m2!1s0x0%3A0x9e4eac9a320f2e18!2sArcofluid!5e0!3m2!1sen!2sus!4v1439740058649\" width=\"600\" height=\"450\" frameborder=\"0\" style=\"border:0\" allowfullscreen><\/iframe><\/p>\n<\/div><\/div><\/div><\/div><\/div>","protected":false},"excerpt":{"rendered":"<p>Tel: +33 (0)9 61 05 57 49 Adresse: 1 Rue de l&rsquo;Horloge, 09190 Saint-Lizier Email: info@arcofluid.fr Vous pouvez aussi remplir le formulaire de contact ci-dessous et nous nous mettrons en contact avec vous le plus rapidement possible<\/p>\n","protected":false},"author":5,"featured_media":0,"parent":0,"menu_order":0,"comment_status":"closed","ping_status":"closed","template":"home-panels.php","meta":{"footnotes":""},"class_list":["post-40","page","type-page","status-publish","hentry","post"],"yoast_head":"<!-- This site is optimized with the Yoast SEO plugin v27.1.1 - https:\/\/yoast.com\/product\/yoast-seo-wordpress\/ -->\n<title>Nous contacter - ArcoFluid<\/title>\n<meta name=\"description\" content=\"Bureau d&#039;\u00e9tude en m\u00e9canique des fluides: a\u00e9rodynamique, hydrodynamique, combustion, ventilation, feu, fum\u00e9e, fluides critiques, CVD, PVT, Bridgman, Rayleigh\" \/>\n<meta name=\"robots\" content=\"index, follow, max-snippet:-1, max-image-preview:large, max-video-preview:-1\" \/>\n<link rel=\"canonical\" href=\"https:\/\/arcofluid.fr\/index.php\/contact-us\/\" \/>\n<meta property=\"og:locale\" content=\"fr_FR\" \/>\n<meta property=\"og:type\" content=\"article\" \/>\n<meta property=\"og:title\" content=\"Nous contacter - ArcoFluid\" \/>\n<meta property=\"og:description\" content=\"Bureau d&#039;\u00e9tude en m\u00e9canique des fluides: a\u00e9rodynamique, hydrodynamique, combustion, ventilation, feu, fum\u00e9e, fluides critiques, CVD, PVT, Bridgman, Rayleigh\" \/>\n<meta property=\"og:url\" content=\"https:\/\/arcofluid.fr\/index.php\/contact-us\/\" \/>\n<meta property=\"og:site_name\" content=\"arcofluid\" \/>\n<meta property=\"article:modified_time\" content=\"2025-12-27T17:16:09+00:00\" \/>\n<meta name=\"twitter:card\" content=\"summary_large_image\" \/>\n<meta name=\"twitter:label1\" content=\"Dur\u00e9e de lecture estim\u00e9e\" \/>\n\t<meta name=\"twitter:data1\" content=\"1 minute\" \/>\n<script type=\"application\/ld+json\" class=\"yoast-schema-graph\">{\"@context\":\"https:\/\/schema.org\",\"@graph\":[{\"@type\":\"WebPage\",\"@id\":\"https:\/\/arcofluid.fr\/index.php\/contact-us\/\",\"url\":\"https:\/\/arcofluid.fr\/index.php\/contact-us\/\",\"name\":\"Nous contacter - ArcoFluid\",\"isPartOf\":{\"@id\":\"https:\/\/arcofluid.fr\/#website\"},\"datePublished\":\"2015-05-31T17:02:19+00:00\",\"dateModified\":\"2025-12-27T17:16:09+00:00\",\"description\":\"Bureau d'\u00e9tude en m\u00e9canique des fluides: a\u00e9rodynamique, hydrodynamique, combustion, ventilation, feu, fum\u00e9e, fluides critiques, CVD, PVT, Bridgman, Rayleigh\",\"breadcrumb\":{\"@id\":\"https:\/\/arcofluid.fr\/index.php\/contact-us\/#breadcrumb\"},\"inLanguage\":\"fr-FR\",\"potentialAction\":[{\"@type\":\"ReadAction\",\"target\":[\"https:\/\/arcofluid.fr\/index.php\/contact-us\/\"]}]},{\"@type\":\"BreadcrumbList\",\"@id\":\"https:\/\/arcofluid.fr\/index.php\/contact-us\/#breadcrumb\",\"itemListElement\":[{\"@type\":\"ListItem\",\"position\":1,\"name\":\"Home\",\"item\":\"https:\/\/arcofluid.fr\/\"},{\"@type\":\"ListItem\",\"position\":2,\"name\":\"Contact\"}]},{\"@type\":\"WebSite\",\"@id\":\"https:\/\/arcofluid.fr\/#website\",\"url\":\"https:\/\/arcofluid.fr\/\",\"name\":\"arcofluid\",\"description\":\"Service et logiciels en m\u00e9canique des fluides\",\"publisher\":{\"@id\":\"https:\/\/arcofluid.fr\/#organization\"},\"potentialAction\":[{\"@type\":\"SearchAction\",\"target\":{\"@type\":\"EntryPoint\",\"urlTemplate\":\"https:\/\/arcofluid.fr\/?s={search_term_string}\"},\"query-input\":{\"@type\":\"PropertyValueSpecification\",\"valueRequired\":true,\"valueName\":\"search_term_string\"}}],\"inLanguage\":\"fr-FR\"},{\"@type\":\"Organization\",\"@id\":\"https:\/\/arcofluid.fr\/#organization\",\"name\":\"Arcofluid\",\"url\":\"https:\/\/arcofluid.fr\/\",\"logo\":{\"@type\":\"ImageObject\",\"inLanguage\":\"fr-FR\",\"@id\":\"https:\/\/arcofluid.fr\/#\/schema\/logo\/image\/\",\"url\":\"https:\/\/arcofluid.fr\/wp-content\/uploads\/2015\/08\/Arcofluidfrlogor-e1439678519705.png\",\"contentUrl\":\"https:\/\/arcofluid.fr\/wp-content\/uploads\/2015\/08\/Arcofluidfrlogor-e1439678519705.png\",\"width\":383,\"height\":51,\"caption\":\"Arcofluid\"},\"image\":{\"@id\":\"https:\/\/arcofluid.fr\/#\/schema\/logo\/image\/\"}}]}<\/script>\n<!-- \/ Yoast SEO plugin. -->","yoast_head_json":{"title":"Nous contacter - ArcoFluid","description":"Bureau d'\u00e9tude en m\u00e9canique des fluides: a\u00e9rodynamique, hydrodynamique, combustion, ventilation, feu, fum\u00e9e, fluides critiques, CVD, PVT, Bridgman, Rayleigh","robots":{"index":"index","follow":"follow","max-snippet":"max-snippet:-1","max-image-preview":"max-image-preview:large","max-video-preview":"max-video-preview:-1"},"canonical":"https:\/\/arcofluid.fr\/index.php\/contact-us\/","og_locale":"fr_FR","og_type":"article","og_title":"Nous contacter - ArcoFluid","og_description":"Bureau d'\u00e9tude en m\u00e9canique des fluides: a\u00e9rodynamique, hydrodynamique, combustion, ventilation, feu, fum\u00e9e, fluides critiques, CVD, PVT, Bridgman, Rayleigh","og_url":"https:\/\/arcofluid.fr\/index.php\/contact-us\/","og_site_name":"arcofluid","article_modified_time":"2025-12-27T17:16:09+00:00","twitter_card":"summary_large_image","twitter_misc":{"Dur\u00e9e de lecture estim\u00e9e":"1 minute"},"schema":{"@context":"https:\/\/schema.org","@graph":[{"@type":"WebPage","@id":"https:\/\/arcofluid.fr\/index.php\/contact-us\/","url":"https:\/\/arcofluid.fr\/index.php\/contact-us\/","name":"Nous contacter - ArcoFluid","isPartOf":{"@id":"https:\/\/arcofluid.fr\/#website"},"datePublished":"2015-05-31T17:02:19+00:00","dateModified":"2025-12-27T17:16:09+00:00","description":"Bureau d'\u00e9tude en m\u00e9canique des fluides: a\u00e9rodynamique, hydrodynamique, combustion, ventilation, feu, fum\u00e9e, fluides critiques, CVD, PVT, Bridgman, Rayleigh","breadcrumb":{"@id":"https:\/\/arcofluid.fr\/index.php\/contact-us\/#breadcrumb"},"inLanguage":"fr-FR","potentialAction":[{"@type":"ReadAction","target":["https:\/\/arcofluid.fr\/index.php\/contact-us\/"]}]},{"@type":"BreadcrumbList","@id":"https:\/\/arcofluid.fr\/index.php\/contact-us\/#breadcrumb","itemListElement":[{"@type":"ListItem","position":1,"name":"Home","item":"https:\/\/arcofluid.fr\/"},{"@type":"ListItem","position":2,"name":"Contact"}]},{"@type":"WebSite","@id":"https:\/\/arcofluid.fr\/#website","url":"https:\/\/arcofluid.fr\/","name":"arcofluid","description":"Service et logiciels en m\u00e9canique des fluides","publisher":{"@id":"https:\/\/arcofluid.fr\/#organization"},"potentialAction":[{"@type":"SearchAction","target":{"@type":"EntryPoint","urlTemplate":"https:\/\/arcofluid.fr\/?s={search_term_string}"},"query-input":{"@type":"PropertyValueSpecification","valueRequired":true,"valueName":"search_term_string"}}],"inLanguage":"fr-FR"},{"@type":"Organization","@id":"https:\/\/arcofluid.fr\/#organization","name":"Arcofluid","url":"https:\/\/arcofluid.fr\/","logo":{"@type":"ImageObject","inLanguage":"fr-FR","@id":"https:\/\/arcofluid.fr\/#\/schema\/logo\/image\/","url":"https:\/\/arcofluid.fr\/wp-content\/uploads\/2015\/08\/Arcofluidfrlogor-e1439678519705.png","contentUrl":"https:\/\/arcofluid.fr\/wp-content\/uploads\/2015\/08\/Arcofluidfrlogor-e1439678519705.png","width":383,"height":51,"caption":"Arcofluid"},"image":{"@id":"https:\/\/arcofluid.fr\/#\/schema\/logo\/image\/"}}]}},"_links":{"self":[{"href":"https:\/\/arcofluid.fr\/index.php\/wp-json\/wp\/v2\/pages\/40","targetHints":{"allow":["GET"]}}],"collection":[{"href":"https:\/\/arcofluid.fr\/index.php\/wp-json\/wp\/v2\/pages"}],"about":[{"href":"https:\/\/arcofluid.fr\/index.php\/wp-json\/wp\/v2\/types\/page"}],"author":[{"embeddable":true,"href":"https:\/\/arcofluid.fr\/index.php\/wp-json\/wp\/v2\/users\/5"}],"replies":[{"embeddable":true,"href":"https:\/\/arcofluid.fr\/index.php\/wp-json\/wp\/v2\/comments?post=40"}],"version-history":[{"count":17,"href":"https:\/\/arcofluid.fr\/index.php\/wp-json\/wp\/v2\/pages\/40\/revisions"}],"predecessor-version":[{"id":1992,"href":"https:\/\/arcofluid.fr\/index.php\/wp-json\/wp\/v2\/pages\/40\/revisions\/1992"}],"wp:attachment":[{"href":"https:\/\/arcofluid.fr\/index.php\/wp-json\/wp\/v2\/media?parent=40"}],"curies":[{"name":"wp","href":"https:\/\/api.w.org\/{rel}","templated":true}]}}