{"id":53,"date":"2015-05-31T19:43:51","date_gmt":"2015-05-31T19:43:51","guid":{"rendered":"http:\/\/arcofluid.fr\/?page_id=53"},"modified":"2015-08-22T16:44:52","modified_gmt":"2015-08-22T16:44:52","slug":"special-apps","status":"publish","type":"page","link":"https:\/\/arcofluid.fr\/index.php\/special-apps\/","title":{"rendered":"Gamme des Produits"},"content":{"rendered":"<div id=\"pl-53\"  class=\"panel-layout\" ><div id=\"pg-53-0\"  class=\"panel-grid panel-no-style\" ><div id=\"pgc-53-0-0\"  class=\"panel-grid-cell\" ><div id=\"panel-53-0-0-0\" class=\"so-panel widget widget_black-studio-tinymce widget_black_studio_tinymce panel-first-child panel-last-child\" data-index=\"0\" ><h3 class=\"widget-title\">                                                                                                                                                                                                                                                                                                                       <\/h3><div class=\"textwidget\"><h2 style=\"text-align: center;\">\u00a0\u00a0\u00a0\u00a0 ArcoFluid products offering \u00a0<\/h2>\n<p style=\"text-align: center;\"><em>The following software are from CHAM LTD<\/em><\/p>\n<\/div><\/div><\/div><\/div><div id=\"pg-53-1\"  class=\"panel-grid panel-no-style\" ><div id=\"pgc-53-1-0\"  class=\"panel-grid-cell\" ><div id=\"panel-53-1-0-0\" class=\"so-panel widget widget_black-studio-tinymce widget_black_studio_tinymce panel-first-child panel-last-child\" data-index=\"1\" ><h3 class=\"widget-title\">PHOENICS<\/h3><div class=\"textwidget\"><p><a href=\"http:\/\/arcofluid.fr\/wp-content\/uploads\/2015\/05\/img-large41.jpg\"><img loading=\"lazy\" decoding=\"async\" class=\"  wp-image-16 aligncenter\" src=\"http:\/\/arcofluid.fr\/wp-content\/uploads\/2015\/05\/img-large41.jpg\" alt=\"img-large4\" width=\"221\" height=\"221\" srcset=\"https:\/\/arcofluid.fr\/wp-content\/uploads\/2015\/05\/img-large41.jpg 161w, https:\/\/arcofluid.fr\/wp-content\/uploads\/2015\/05\/img-large41-150x150.jpg 150w\" sizes=\"auto, (max-width: 221px) 100vw, 221px\" \/><\/a><\/p>\n<p><strong><span class=\"phoenics\">PHOENICS<\/span><\/strong> provides an accurate, reliable, cost-effective, and easy-to-use tool to simulate processes involving fluid flow, heat or mass transfer, chemical reaction and\/or combustion in engineering equipment and the environment. With the longest history of validation and a large user base, it is not surprising that <span class=\"phoenics\">PHOENICS<\/span> has a proven track record in nearly every branch of science and engineering in which fluid flow plays a key role... <a href=\"http:\/\/arcofluid.fr\/?page_id=718\">Learn More<\/a><\/p>\n<\/div><\/div><\/div><div id=\"pgc-53-1-1\"  class=\"panel-grid-cell\" ><div id=\"panel-53-1-1-0\" class=\"so-panel widget widget_black-studio-tinymce widget_black_studio_tinymce panel-first-child panel-last-child\" data-index=\"2\" ><h3 class=\"widget-title\">PHOENICS CVD<\/h3><div class=\"textwidget\"><p><a href=\"http:\/\/arcofluid.fr\/wp-content\/uploads\/2015\/06\/CVDSILANE.jpg\"><img loading=\"lazy\" decoding=\"async\" class=\"  wp-image-177 aligncenter\" src=\"http:\/\/arcofluid.fr\/wp-content\/uploads\/2015\/06\/CVDSILANE.jpg\" alt=\"CVDSILANE\" width=\"1328\" height=\"492\" srcset=\"https:\/\/arcofluid.fr\/wp-content\/uploads\/2015\/06\/CVDSILANE.jpg 1328w, https:\/\/arcofluid.fr\/wp-content\/uploads\/2015\/06\/CVDSILANE-300x111.jpg 300w, https:\/\/arcofluid.fr\/wp-content\/uploads\/2015\/06\/CVDSILANE-1024x379.jpg 1024w\" sizes=\"auto, (max-width: 1328px) 100vw, 1328px\" \/><\/a><\/p>\n<p>\u00a0<\/p>\n<p><strong>PHOENICS-CVD<\/strong> is an integrated software system designed to simulate the behaviour of a wide range of CVD reactors; this involves the modelling of fluid flow and heat transfer in a multi-component gas, including both gas-phase (homogeneous) and surface (heterogeneous) chemical reactions and incorporating plasma effects. <a href=\"http:\/\/arcofluid.fr\/?page_id=57\">Learn More<\/a><\/p>\n<\/div><\/div><\/div><\/div><div id=\"pg-53-2\"  class=\"panel-grid panel-no-style\" ><div id=\"pgc-53-2-0\"  class=\"panel-grid-cell\" ><div id=\"panel-53-2-0-0\" class=\"so-panel widget widget_black-studio-tinymce widget_black_studio_tinymce panel-first-child panel-last-child\" data-index=\"3\" ><h3 class=\"widget-title\">Flair<\/h3><div class=\"textwidget\"><p><a href=\"http:\/\/arcofluid.fr\/wp-content\/uploads\/2015\/05\/course-31.jpg\"><img loading=\"lazy\" decoding=\"async\" class=\"aligncenter size-full wp-image-22\" src=\"http:\/\/arcofluid.fr\/wp-content\/uploads\/2015\/05\/course-31.jpg\" alt=\"course-3\" width=\"480\" height=\"360\" srcset=\"https:\/\/arcofluid.fr\/wp-content\/uploads\/2015\/05\/course-31.jpg 480w, https:\/\/arcofluid.fr\/wp-content\/uploads\/2015\/05\/course-31-300x225.jpg 300w\" sizes=\"auto, (max-width: 480px) 100vw, 480px\" \/><\/a><\/p>\n<p><strong>FLAIR<\/strong> was created for architects, design engineers and safety officers concerned with the performance of air-flow systems for the built environment. The software is self-contained for model set-up and result analysis.<\/p>\n<p>FLAIR enables users to visualize, evaluate and refine air-flow patterns on a micro- or macro-scale within a room, throughout a building, around a building-complex, within tunnels or in any other structure of this nature. FLAIR enables users to check on environmental, or ventilation, flows before embarking on costly construction.\u00a0 <a href=\"http:\/\/arcofluid.fr\/?page_id=938\">Learn More..<\/a><\/p>\n<\/div><\/div><\/div><div id=\"pgc-53-2-1\"  class=\"panel-grid-cell\" ><div id=\"panel-53-2-1-0\" class=\"so-panel widget widget_black-studio-tinymce widget_black_studio_tinymce panel-first-child panel-last-child\" data-index=\"4\" ><h3 class=\"widget-title\">Electrolytic SmelTER<\/h3><div class=\"textwidget\"><p><div id=\"attachment_134\" style=\"width: 1006px\" class=\"wp-caption aligncenter\"><a href=\"http:\/\/arcofluid.fr\/wp-content\/uploads\/2015\/06\/smelter1.jpg\"><img loading=\"lazy\" decoding=\"async\" aria-describedby=\"caption-attachment-134\" class=\"size-full wp-image-134\" src=\"http:\/\/arcofluid.fr\/wp-content\/uploads\/2015\/06\/smelter1.jpg\" alt=\"smelter\" width=\"996\" height=\"694\" srcset=\"https:\/\/arcofluid.fr\/wp-content\/uploads\/2015\/06\/smelter1.jpg 996w, https:\/\/arcofluid.fr\/wp-content\/uploads\/2015\/06\/smelter1-300x209.jpg 300w\" sizes=\"auto, (max-width: 996px) 100vw, 996px\" \/><\/a><p id=\"caption-attachment-134\" class=\"wp-caption-text\">Simulation model of a reduction cell<\/p><\/div><\/p>\n<p><strong>ESTER<\/strong> (Electrolytic SmelTER) is a special-purpose adaptation of the general-purpose fluid flow and heat transfer code PHOENICS, developed specifically for the simulation of multi-anode electrolytic smelters of the Hall-cell type. It uses a variant of the standard PHOENICS pre- and post-processors for data input and graphical display. <a href=\"http:\/\/arcofluid.fr\/?page_id=59\">Learn more...<\/a><\/p>\n<\/div><\/div><\/div><\/div><div id=\"pg-53-3\"  class=\"panel-grid panel-no-style\" ><div id=\"pgc-53-3-0\"  class=\"panel-grid-cell\" ><div id=\"panel-53-3-0-0\" class=\"so-panel widget widget_black-studio-tinymce widget_black_studio_tinymce panel-first-child panel-last-child\" data-index=\"5\" ><h3 class=\"widget-title\">Flair Datacenter<\/h3><div class=\"textwidget\"><p><div id=\"attachment_492\" style=\"width: 1090px\" class=\"wp-caption aligncenter\"><a href=\"http:\/\/arcofluid.fr\/wp-content\/uploads\/2015\/06\/datacenterm.png\"><img loading=\"lazy\" decoding=\"async\" aria-describedby=\"caption-attachment-492\" class=\"wp-image-492 size-full\" src=\"http:\/\/arcofluid.fr\/wp-content\/uploads\/2015\/06\/datacenterm.png\" alt=\"Phoenics\/FLAIR Datacenter\" width=\"1080\" height=\"370\" srcset=\"https:\/\/arcofluid.fr\/wp-content\/uploads\/2015\/06\/datacenterm.png 1080w, https:\/\/arcofluid.fr\/wp-content\/uploads\/2015\/06\/datacenterm-300x103.png 300w, https:\/\/arcofluid.fr\/wp-content\/uploads\/2015\/06\/datacenterm-1024x351.png 1024w\" sizes=\"auto, (max-width: 1080px) 100vw, 1080px\" \/><\/a><p id=\"caption-attachment-492\" class=\"wp-caption-text\">Phoenics\/FLAIR Datacenter<\/p><\/div><\/p>\n<p>CFD analysis performs a vital role within data center design, management and operational processes. CFD helps maximize the performance of cooling and ventilation systems, model the impact of additional loading and equipment distribution, and investigate emergency shut-down scenarios.<\/p>\n<p>Flair Data center software, incorporates standard and product-specific objects for high- and low-density cabinets, racks, servers, PDU\u00b4s, CRAC\u00b4s and ACU\u00b4s, as well as fans, diffusers and emergency fire suppression measures. Under-floor ventilation systems, cabling ducting, permeable and semi-permeable floor tiling are all taken into consideration, plus ceiling vents, grilles, extracts and recirculation systems. <a href=\"http:\/\/arcofluid.fr\/?page_id=55\">Learn more...<\/a><\/p>\n<\/div><\/div><\/div><div id=\"pgc-53-3-1\"  class=\"panel-grid-cell\" ><div id=\"panel-53-3-1-0\" class=\"so-panel widget widget_black-studio-tinymce widget_black_studio_tinymce panel-first-child panel-last-child\" data-index=\"6\" ><h3 class=\"widget-title\">Phoenics wind tunnel<\/h3><div class=\"textwidget\"><p><a href=\"http:\/\/arcofluid.fr\/wp-content\/uploads\/2015\/06\/CAD.png\"><img loading=\"lazy\" decoding=\"async\" class=\"aligncenter size-full wp-image-491\" src=\"http:\/\/arcofluid.fr\/wp-content\/uploads\/2015\/06\/CAD.png\" alt=\"Automated CAD files\" width=\"1080\" height=\"370\" \/><\/a><\/p>\n<p>For the majority of people involved in motorsport it is not practical or cost effective to take cars or motorcycles to a full scale wind tunnel. <strong>PHOENICS VWT<\/strong> (Virtual Wind Tunnel) was created as a practical tool for modelling aerodynamic flows. The software simulates the flow of air over a vehicle and calculates all important lift, drag and centre of lift information as well as providing a visual output of the air flow.<\/p>\n<p align=\"center\"><em><strong>PHOENICS<\/strong> is a wind tunnel on YOUR PC<\/em><\/p>\n<p align=\"center\"><a href=\"http:\/\/arcofluid.fr\/?page_id=61\">Learn more...<\/a><\/p>\n<p align=\"center\">\u00a0<\/p>\n<p align=\"center\">\u00a0<\/p>\n<p align=\"center\">\u00a0<\/p>\n<h3 style=\"text-align: center;\" align=\"center\"><a class=\"fasc-button fasc-size-large fasc-type-popout fasc-rounded-medium\" style=\"background-color: #b3b30d; color: #000000;\" href=\"http:\/\/arcofluid.fr\/?page_id=64\" data-fasc-style=\"background-color:#b3b30d;color:#000000;\">Find more about other Special Products<\/a><\/h3>\n<\/div><\/div><\/div><\/div><\/div>","protected":false},"excerpt":{"rendered":"<p>\u00a0\u00a0\u00a0\u00a0 ArcoFluid products offering \u00a0The following software are from CHAM LTD PHOENICS provides an accurate, reliable, cost-effective, and easy-to-use tool to simulate processes involving fluid flow, heat or mass transfer, chemical reaction and\/or combustion in engineering equipment and the environment. With the longest history of validation and a large user base, it is not surprising [&hellip;]<\/p>\n","protected":false},"author":5,"featured_media":0,"parent":0,"menu_order":0,"comment_status":"closed","ping_status":"open","template":"home-panels.php","meta":{"footnotes":""},"class_list":["post-53","page","type-page","status-publish","hentry","post"],"yoast_head":"<!-- This site is optimized with the Yoast SEO plugin v27.1.1 - https:\/\/yoast.com\/product\/yoast-seo-wordpress\/ -->\n<title>Catalogue des logiciels CFD - Arcofluid<\/title>\n<meta name=\"description\" content=\"Phoenics, Phoenics CVD, Phoenics Soufflerie, FLAIR DATACENTRE, ester, soufflerie, ventilation des b\u00e2timents, HVAC, feu, fum\u00e9e, aluminerie, a\u00e9rodynamique\" \/>\n<meta name=\"robots\" content=\"index, follow, max-snippet:-1, max-image-preview:large, max-video-preview:-1\" \/>\n<link rel=\"canonical\" href=\"https:\/\/arcofluid.fr\/index.php\/special-apps\/\" \/>\n<meta property=\"og:locale\" content=\"fr_FR\" \/>\n<meta property=\"og:type\" content=\"article\" \/>\n<meta property=\"og:title\" content=\"Catalogue des logiciels CFD - Arcofluid\" \/>\n<meta property=\"og:description\" content=\"Phoenics, Phoenics CVD, Phoenics Soufflerie, FLAIR DATACENTRE, ester, soufflerie, ventilation des b\u00e2timents, HVAC, feu, fum\u00e9e, aluminerie, a\u00e9rodynamique\" \/>\n<meta property=\"og:url\" content=\"https:\/\/arcofluid.fr\/index.php\/special-apps\/\" \/>\n<meta property=\"og:site_name\" content=\"arcofluid\" \/>\n<meta property=\"article:modified_time\" content=\"2015-08-22T16:44:52+00:00\" \/>\n<meta property=\"og:image\" content=\"http:\/\/arcofluid.fr\/wp-content\/uploads\/2015\/05\/img-large41.jpg\" \/>\n<meta name=\"twitter:card\" content=\"summary_large_image\" \/>\n<meta name=\"twitter:label1\" content=\"Dur\u00e9e de lecture estim\u00e9e\" \/>\n\t<meta name=\"twitter:data1\" content=\"2 minutes\" \/>\n<script type=\"application\/ld+json\" class=\"yoast-schema-graph\">{\"@context\":\"https:\/\/schema.org\",\"@graph\":[{\"@type\":\"WebPage\",\"@id\":\"https:\/\/arcofluid.fr\/index.php\/special-apps\/\",\"url\":\"https:\/\/arcofluid.fr\/index.php\/special-apps\/\",\"name\":\"Catalogue des logiciels CFD - Arcofluid\",\"isPartOf\":{\"@id\":\"https:\/\/arcofluid.fr\/#website\"},\"primaryImageOfPage\":{\"@id\":\"https:\/\/arcofluid.fr\/index.php\/special-apps\/#primaryimage\"},\"image\":{\"@id\":\"https:\/\/arcofluid.fr\/index.php\/special-apps\/#primaryimage\"},\"thumbnailUrl\":\"http:\/\/arcofluid.fr\/wp-content\/uploads\/2015\/05\/img-large41.jpg\",\"datePublished\":\"2015-05-31T19:43:51+00:00\",\"dateModified\":\"2015-08-22T16:44:52+00:00\",\"description\":\"Phoenics, Phoenics CVD, Phoenics Soufflerie, FLAIR DATACENTRE, ester, soufflerie, ventilation des b\u00e2timents, HVAC, feu, fum\u00e9e, aluminerie, a\u00e9rodynamique\",\"breadcrumb\":{\"@id\":\"https:\/\/arcofluid.fr\/index.php\/special-apps\/#breadcrumb\"},\"inLanguage\":\"fr-FR\",\"potentialAction\":[{\"@type\":\"ReadAction\",\"target\":[\"https:\/\/arcofluid.fr\/index.php\/special-apps\/\"]}]},{\"@type\":\"ImageObject\",\"inLanguage\":\"fr-FR\",\"@id\":\"https:\/\/arcofluid.fr\/index.php\/special-apps\/#primaryimage\",\"url\":\"http:\/\/arcofluid.fr\/wp-content\/uploads\/2015\/05\/img-large41.jpg\",\"contentUrl\":\"http:\/\/arcofluid.fr\/wp-content\/uploads\/2015\/05\/img-large41.jpg\"},{\"@type\":\"BreadcrumbList\",\"@id\":\"https:\/\/arcofluid.fr\/index.php\/special-apps\/#breadcrumb\",\"itemListElement\":[{\"@type\":\"ListItem\",\"position\":1,\"name\":\"Home\",\"item\":\"https:\/\/arcofluid.fr\/\"},{\"@type\":\"ListItem\",\"position\":2,\"name\":\"Gamme des Produits\"}]},{\"@type\":\"WebSite\",\"@id\":\"https:\/\/arcofluid.fr\/#website\",\"url\":\"https:\/\/arcofluid.fr\/\",\"name\":\"arcofluid\",\"description\":\"Service et logiciels en m\u00e9canique des fluides\",\"publisher\":{\"@id\":\"https:\/\/arcofluid.fr\/#organization\"},\"potentialAction\":[{\"@type\":\"SearchAction\",\"target\":{\"@type\":\"EntryPoint\",\"urlTemplate\":\"https:\/\/arcofluid.fr\/?s={search_term_string}\"},\"query-input\":{\"@type\":\"PropertyValueSpecification\",\"valueRequired\":true,\"valueName\":\"search_term_string\"}}],\"inLanguage\":\"fr-FR\"},{\"@type\":\"Organization\",\"@id\":\"https:\/\/arcofluid.fr\/#organization\",\"name\":\"Arcofluid\",\"url\":\"https:\/\/arcofluid.fr\/\",\"logo\":{\"@type\":\"ImageObject\",\"inLanguage\":\"fr-FR\",\"@id\":\"https:\/\/arcofluid.fr\/#\/schema\/logo\/image\/\",\"url\":\"https:\/\/arcofluid.fr\/wp-content\/uploads\/2015\/08\/Arcofluidfrlogor-e1439678519705.png\",\"contentUrl\":\"https:\/\/arcofluid.fr\/wp-content\/uploads\/2015\/08\/Arcofluidfrlogor-e1439678519705.png\",\"width\":383,\"height\":51,\"caption\":\"Arcofluid\"},\"image\":{\"@id\":\"https:\/\/arcofluid.fr\/#\/schema\/logo\/image\/\"}}]}<\/script>\n<!-- \/ Yoast SEO plugin. -->","yoast_head_json":{"title":"Catalogue des logiciels CFD - Arcofluid","description":"Phoenics, Phoenics CVD, Phoenics Soufflerie, FLAIR DATACENTRE, ester, soufflerie, ventilation des b\u00e2timents, HVAC, feu, fum\u00e9e, aluminerie, a\u00e9rodynamique","robots":{"index":"index","follow":"follow","max-snippet":"max-snippet:-1","max-image-preview":"max-image-preview:large","max-video-preview":"max-video-preview:-1"},"canonical":"https:\/\/arcofluid.fr\/index.php\/special-apps\/","og_locale":"fr_FR","og_type":"article","og_title":"Catalogue des logiciels CFD - Arcofluid","og_description":"Phoenics, Phoenics CVD, Phoenics Soufflerie, FLAIR DATACENTRE, ester, soufflerie, ventilation des b\u00e2timents, HVAC, feu, fum\u00e9e, aluminerie, a\u00e9rodynamique","og_url":"https:\/\/arcofluid.fr\/index.php\/special-apps\/","og_site_name":"arcofluid","article_modified_time":"2015-08-22T16:44:52+00:00","og_image":[{"url":"http:\/\/arcofluid.fr\/wp-content\/uploads\/2015\/05\/img-large41.jpg","type":"","width":"","height":""}],"twitter_card":"summary_large_image","twitter_misc":{"Dur\u00e9e de lecture estim\u00e9e":"2 minutes"},"schema":{"@context":"https:\/\/schema.org","@graph":[{"@type":"WebPage","@id":"https:\/\/arcofluid.fr\/index.php\/special-apps\/","url":"https:\/\/arcofluid.fr\/index.php\/special-apps\/","name":"Catalogue des logiciels CFD - Arcofluid","isPartOf":{"@id":"https:\/\/arcofluid.fr\/#website"},"primaryImageOfPage":{"@id":"https:\/\/arcofluid.fr\/index.php\/special-apps\/#primaryimage"},"image":{"@id":"https:\/\/arcofluid.fr\/index.php\/special-apps\/#primaryimage"},"thumbnailUrl":"http:\/\/arcofluid.fr\/wp-content\/uploads\/2015\/05\/img-large41.jpg","datePublished":"2015-05-31T19:43:51+00:00","dateModified":"2015-08-22T16:44:52+00:00","description":"Phoenics, Phoenics CVD, Phoenics Soufflerie, FLAIR DATACENTRE, ester, soufflerie, ventilation des b\u00e2timents, HVAC, feu, fum\u00e9e, aluminerie, a\u00e9rodynamique","breadcrumb":{"@id":"https:\/\/arcofluid.fr\/index.php\/special-apps\/#breadcrumb"},"inLanguage":"fr-FR","potentialAction":[{"@type":"ReadAction","target":["https:\/\/arcofluid.fr\/index.php\/special-apps\/"]}]},{"@type":"ImageObject","inLanguage":"fr-FR","@id":"https:\/\/arcofluid.fr\/index.php\/special-apps\/#primaryimage","url":"http:\/\/arcofluid.fr\/wp-content\/uploads\/2015\/05\/img-large41.jpg","contentUrl":"http:\/\/arcofluid.fr\/wp-content\/uploads\/2015\/05\/img-large41.jpg"},{"@type":"BreadcrumbList","@id":"https:\/\/arcofluid.fr\/index.php\/special-apps\/#breadcrumb","itemListElement":[{"@type":"ListItem","position":1,"name":"Home","item":"https:\/\/arcofluid.fr\/"},{"@type":"ListItem","position":2,"name":"Gamme des Produits"}]},{"@type":"WebSite","@id":"https:\/\/arcofluid.fr\/#website","url":"https:\/\/arcofluid.fr\/","name":"arcofluid","description":"Service et logiciels en m\u00e9canique des fluides","publisher":{"@id":"https:\/\/arcofluid.fr\/#organization"},"potentialAction":[{"@type":"SearchAction","target":{"@type":"EntryPoint","urlTemplate":"https:\/\/arcofluid.fr\/?s={search_term_string}"},"query-input":{"@type":"PropertyValueSpecification","valueRequired":true,"valueName":"search_term_string"}}],"inLanguage":"fr-FR"},{"@type":"Organization","@id":"https:\/\/arcofluid.fr\/#organization","name":"Arcofluid","url":"https:\/\/arcofluid.fr\/","logo":{"@type":"ImageObject","inLanguage":"fr-FR","@id":"https:\/\/arcofluid.fr\/#\/schema\/logo\/image\/","url":"https:\/\/arcofluid.fr\/wp-content\/uploads\/2015\/08\/Arcofluidfrlogor-e1439678519705.png","contentUrl":"https:\/\/arcofluid.fr\/wp-content\/uploads\/2015\/08\/Arcofluidfrlogor-e1439678519705.png","width":383,"height":51,"caption":"Arcofluid"},"image":{"@id":"https:\/\/arcofluid.fr\/#\/schema\/logo\/image\/"}}]}},"_links":{"self":[{"href":"https:\/\/arcofluid.fr\/index.php\/wp-json\/wp\/v2\/pages\/53","targetHints":{"allow":["GET"]}}],"collection":[{"href":"https:\/\/arcofluid.fr\/index.php\/wp-json\/wp\/v2\/pages"}],"about":[{"href":"https:\/\/arcofluid.fr\/index.php\/wp-json\/wp\/v2\/types\/page"}],"author":[{"embeddable":true,"href":"https:\/\/arcofluid.fr\/index.php\/wp-json\/wp\/v2\/users\/5"}],"replies":[{"embeddable":true,"href":"https:\/\/arcofluid.fr\/index.php\/wp-json\/wp\/v2\/comments?post=53"}],"version-history":[{"count":29,"href":"https:\/\/arcofluid.fr\/index.php\/wp-json\/wp\/v2\/pages\/53\/revisions"}],"predecessor-version":[{"id":1615,"href":"https:\/\/arcofluid.fr\/index.php\/wp-json\/wp\/v2\/pages\/53\/revisions\/1615"}],"wp:attachment":[{"href":"https:\/\/arcofluid.fr\/index.php\/wp-json\/wp\/v2\/media?parent=53"}],"curies":[{"name":"wp","href":"https:\/\/api.w.org\/{rel}","templated":true}]}}